{"id":2,"date":"2021-02-02T16:59:49","date_gmt":"2021-02-02T15:59:49","guid":{"rendered":"https:\/\/abc-nk.simonpl.de\/?page_id=2"},"modified":"2021-02-02T17:33:04","modified_gmt":"2021-02-02T16:33:04","slug":"beispiel-seite","status":"publish","type":"page","link":"https:\/\/abc-nk.simonpl.de\/","title":{"rendered":"Startseite"},"content":{"rendered":"\n<p class=\"has-black-color has-text-color\">Der ABC-\u00dcbungsdienst der Freiwilligen Feuerwehr Neunkirchen findet einheiten\u00fcbergreifend statt, um die Schlagkr\u00e4ftigkeit bei Lagen mit atomaren (A), biologischen (B) sowie chemischen (C) Gefahrstoffen zu erh\u00f6hen. Diese Lagen sind auch als CBRN-Lagen (Chemisch, Biologisch, Radiologisch, Nuklear) bekannt. Dabei steht auch die Zusammenarbeit mit den \u00fcber\u00f6rtlichen Einheiten zur ABC-Gefahrenabwehr auf dem Plan.<\/p>\n","protected":false},"excerpt":{"rendered":"<p>Der ABC-\u00dcbungsdienst der Freiwilligen Feuerwehr Neunkirchen findet einheiten\u00fcbergreifend statt, um die Schlagkr\u00e4ftigkeit bei Lagen mit atomaren (A), biologischen (B) sowie chemischen (C) Gefahrstoffen zu erh\u00f6hen. Diese Lagen sind auch als CBRN-Lagen (Chemisch, Biologisch, Radiologisch, Nuklear) bekannt. Dabei steht auch die Zusammenarbeit mit den \u00fcber\u00f6rtlichen Einheiten zur ABC-Gefahrenabwehr auf dem Plan.<\/p>\n","protected":false},"author":1,"featured_media":0,"parent":0,"menu_order":0,"comment_status":"closed","ping_status":"open","template":"","meta":{"footnotes":""},"class_list":["post-2","page","type-page","status-publish","hentry"],"_links":{"self":[{"href":"https:\/\/abc-nk.simonpl.de\/index.php\/wp-json\/wp\/v2\/pages\/2","targetHints":{"allow":["GET"]}}],"collection":[{"href":"https:\/\/abc-nk.simonpl.de\/index.php\/wp-json\/wp\/v2\/pages"}],"about":[{"href":"https:\/\/abc-nk.simonpl.de\/index.php\/wp-json\/wp\/v2\/types\/page"}],"author":[{"embeddable":true,"href":"https:\/\/abc-nk.simonpl.de\/index.php\/wp-json\/wp\/v2\/users\/1"}],"replies":[{"embeddable":true,"href":"https:\/\/abc-nk.simonpl.de\/index.php\/wp-json\/wp\/v2\/comments?post=2"}],"version-history":[{"count":2,"href":"https:\/\/abc-nk.simonpl.de\/index.php\/wp-json\/wp\/v2\/pages\/2\/revisions"}],"predecessor-version":[{"id":12,"href":"https:\/\/abc-nk.simonpl.de\/index.php\/wp-json\/wp\/v2\/pages\/2\/revisions\/12"}],"wp:attachment":[{"href":"https:\/\/abc-nk.simonpl.de\/index.php\/wp-json\/wp\/v2\/media?parent=2"}],"curies":[{"name":"wp","href":"https:\/\/api.w.org\/{rel}","templated":true}]}}